{"id":955,"date":"2020-05-15T15:46:01","date_gmt":"2020-05-15T15:46:01","guid":{"rendered":"http:\/\/carpinteriacarloscagigas.com\/?page_id=955"},"modified":"2020-05-15T16:30:22","modified_gmt":"2020-05-15T16:30:22","slug":"aviso-legal","status":"publish","type":"page","link":"http:\/\/www.carpinteriacarloscagigas.com\/?page_id=955","title":{"rendered":","},"content":{"rendered":"\t\t<div data-elementor-type=\"wp-page\" data-elementor-id=\"955\" class=\"elementor elementor-955\">\n\t\t\t\t\t\t<section class=\"elementor-section elementor-top-section elementor-element elementor-element-6041817c elementor-section-boxed elementor-section-height-default elementor-section-height-default\" data-id=\"6041817c\" data-element_type=\"section\">\n\t\t\t\t\t\t<div class=\"elementor-container elementor-column-gap-default\">\n\t\t\t\t\t<div class=\"elementor-column elementor-col-100 elementor-top-column elementor-element elementor-element-3a117b8d\" data-id=\"3a117b8d\" data-element_type=\"column\">\n\t\t\t<div class=\"elementor-widget-wrap elementor-element-populated\">\n\t\t\t\t\t\t<div class=\"elementor-element elementor-element-6cfedde elementor-widget elementor-widget-text-editor\" data-id=\"6cfedde\" data-element_type=\"widget\" data-widget_type=\"text-editor.default\">\n\t\t\t\t<div class=\"elementor-widget-container\">\n\t\t\t\t\t\t\t<h2>\u00a0<\/h2>\n<h2>AVISO LEGAL<\/h2>\t\t\t\t\t\t<\/div>\n\t\t\t\t<\/div>\n\t\t\t\t<div class=\"elementor-element elementor-element-5d135b20 elementor-widget elementor-widget-text-editor\" data-id=\"5d135b20\" data-element_type=\"widget\" data-widget_type=\"text-editor.default\">\n\t\t\t\t<div class=\"elementor-widget-container\">\n\t\t\t\t\t\t\t<!-- wp:paragraph -->\n<p><strong>LEY DE LOS SERVICIOS DE LA SOCIEDAD DE LA INFORMACI\u00d3N (LSSI)<\/strong><\/p>\n<!-- \/wp:paragraph -->\n\n<!-- wp:paragraph -->\n<p>CARPINTER\u00cdA CARLOS CAGIGAS, S.L., responsable del sitio web, en adelante RESPONSABLE, pone a&nbsp;disposici\u00f3n de los usuarios el presente documento, con el que pretende dar cumplimiento a las obligaciones dispuestas en la Ley 34\/2002, de 11 de julio, de Servicios de la Sociedad de la&nbsp;Informaci\u00f3n y de Comercio Electr\u00f3nico (LSSICE), BOE N o 166, as\u00ed como informar a todos los usuarios del sitio web respecto a cu\u00e1les son las condiciones de uso. Toda persona que acceda a este sitio web asume el papel de usuario, comprometi\u00e9ndose a la&nbsp;observancia y cumplimiento riguroso de las disposiciones aqu\u00ed dispuestas, as\u00ed como a cualquier otra disposici\u00f3n legal que fuera de aplicaci\u00f3n.<\/p>\n<!-- \/wp:paragraph -->\n\n<!-- wp:paragraph -->\n<p>CARPINTER\u00cdA CARLOS CAGIGAS, S.L. se reserva el derecho de modificar cualquier tipo de informaci\u00f3n que&nbsp;pudiera aparecer en el sitio web, sin que exista obligaci\u00f3n de preavisar o poner en conocimiento de los&nbsp;usuarios dichas obligaciones, entendi\u00e9ndose como suficiente con la publicaci\u00f3n en el sitio web de CARPINTER\u00cdA CARLOS CAGIGAS, S.L.<\/p>\n<!-- \/wp:paragraph -->\n\n<!-- wp:paragraph -->\n<p><strong>1. DATOS IDENTIFICATIVOS<\/strong><\/p>\n<!-- \/wp:paragraph -->\n\n<!-- wp:paragraph -->\n<p>Nombre de dominio: https:\/\/carpinteriracarloscagigas.com\/<br>Nombre comercial: Carpinteria Carlos Cagigas<br>Denominaci\u00f3n social: Carpinteria Carlos Cagigas, S.L.<br>NIF: B39661632<br>Domicilio social: Barrio Otero, 230M Nave 20, 39618 Pontejos (CANTABRIA)<br>Tel\u00e9fono: 667438524<br>e-mail: info@capinteriacarloscagiagas.com<br> <\/p>\n<!-- \/wp:paragraph -->\n\n<!-- wp:paragraph -->\n<p><strong>2. DERECHOS DE PROPIEDAD INTELECTUAL E INDUSTRIAL<\/strong><\/p>\n<!-- \/wp:paragraph -->\n\n<!-- wp:paragraph -->\n<p>El sitio web, incluyendo a t\u00edtulo enunciativo pero no limitativo su programaci\u00f3n, edici\u00f3n, compilaci\u00f3n y&nbsp;dem\u00e1s elementos necesarios para su funcionamiento, los dise\u00f1os, logotipos, texto y\/o gr\u00e1ficos, son&nbsp;propiedad del RESPONSABLE o, si es el caso, dispone de licencia o autorizaci\u00f3n expresa por parte de&nbsp;los autores. Todos los contenidos del sitio web se encuentran debidamente protegidos por la normativa&nbsp;de propiedad intelectual e industrial, as\u00ed como inscritos en los registros p\u00fablicos correspondientes.<br>Independientemente de la finalidad para la que fueran destinados, la reproducci\u00f3n total o parcial, uso,&nbsp;explotaci\u00f3n, distribuci\u00f3n y comercializaci\u00f3n, requiere en todo caso de la autorizaci\u00f3n escrita previa por&nbsp;parte del RESPONSABLE. Cualquier uso no autorizado previamente se considera un incumplimiento&nbsp;grave de los derechos de propiedad intelectual o industrial del autor.<br>Los dise\u00f1os, logotipos, texto y\/o gr\u00e1ficos ajenos al RESPONSABLE y que pudieran aparecer en el sitio&nbsp;web, pertenecen a sus respectivos propietarios, siendo ellos mismos responsables de cualquier posible&nbsp;controversia que pudiera suscitarse respecto a los mismos. El RESPONSABLE autoriza expresamente&nbsp;a que terceros puedan redirigir directamente a los contenidos concretos del sitio web, y en todo caso&nbsp;redirigir al sitio web principal de https:\/\/carpinteriacarloscagigas.com\/<br>El RESPONSABLE reconoce a favor de sus titulares los correspondientes derechos de propiedad&nbsp;intelectual e industrial, no implicando su sola menci\u00f3n o aparici\u00f3n en el sitio web la existencia de derechos o responsabilidad alguna sobre los mismos, como tampoco respaldo, patrocinio o&nbsp;recomendaci\u00f3n por parte del mismo.<\/p>\n<!-- \/wp:paragraph -->\n\n<!-- wp:paragraph -->\n<p>Para realizar cualquier tipo de observaci\u00f3n respecto a posibles incumplimientos de los derechos de&nbsp;propiedad intelectual o industrial, as\u00ed como sobre cualquiera de los contenidos del sitio web, puede&nbsp;hacerlo a trav\u00e9s del correo electr\u00f3nico info@carpinteriacarloscagigas.com.<\/p>\n<!-- \/wp:paragraph -->\n\n<!-- wp:paragraph -->\n<p><strong>3. EXENCI\u00d3N DE RESPONSABILIDADES<\/strong><\/p>\n<!-- \/wp:paragraph -->\n\n<!-- wp:paragraph -->\n<p>El RESPONSABLE se exime de cualquier tipo de responsabilidad derivada de la informaci\u00f3n publicada&nbsp;en su sitio web siempre que esta informaci\u00f3n haya sido manipulada o introducida por un tercero ajeno&nbsp;al mismo.<\/p>\n<!-- \/wp:paragraph -->\n\n<!-- wp:paragraph -->\n<p><strong>Uso de Cookies<\/strong><br>Este sitio web puede utilizar cookies t\u00e9cnicas (peque\u00f1os archivos de informaci\u00f3n que el servidor env\u00eda&nbsp;al ordenador de quien accede a la p\u00e1gina) para llevar a cabo determinadas funciones que son&nbsp;consideradas imprescindibles para el correcto funcionamiento y visualizaci\u00f3n del sitio. Las cookies&nbsp;utilizadas tienen, en todo caso, car\u00e1cter temporal, con la \u00fanica finalidad de hacer m\u00e1s eficaz la&nbsp;navegaci\u00f3n, y desaparecen al terminar la sesi\u00f3n del usuario. En ning\u00fan caso, estas cookies&nbsp;proporcionan por s\u00ed mismas datos de car\u00e1cter personal y no se utilizar\u00e1n para la recogida de los&nbsp;mismos. Mediante el uso de cookies tambi\u00e9n es posible que el servidor donde se encuentra la web reconozca el&nbsp;navegador utilizado por el usuario con la finalidad de que la navegaci\u00f3n sea m\u00e1s sencilla, permitiendo,&nbsp;por ejemplo, el acceso de los usuarios que se hayan registrado previamente a las \u00e1reas, servicios,&nbsp;promociones o concursos reservados exclusivamente a ellos sin tener que registrarse en cada visita.<br>Tambi\u00e9n se pueden utilizar para medir la audiencia, par\u00e1metros de tr\u00e1fico, controlar el progreso y&nbsp;n\u00famero de entradas, etc, siendo en estos casos cookies prescindibles t\u00e9cnicamente pero beneficiosas&nbsp;para el usuario. Este sitio web no instalar\u00e1 cookies prescindibles sin el consentimiento previo del&nbsp;usuario.<\/p>\n<!-- \/wp:paragraph -->\n\n<!-- wp:paragraph -->\n<p>El usuario tiene la posibilidad de configurar su navegador para ser alertado de la recepci\u00f3n de cookies&nbsp;y para impedir su instalaci\u00f3n en su equipo. Por favor, consulte las instrucciones de su navegador para&nbsp;ampliar esta informaci\u00f3n.<\/p>\n<!-- \/wp:paragraph -->\n\n<!-- wp:paragraph -->\n<p><strong>Pol\u00edtica de enlaces<\/strong><br>Desde el sitio web, es posible que se redirija a contenidos de terceros sitios web. Dado que el&nbsp;RESPONSABLE no puede controlar siempre los contenidos introducidos por los terceros en sus respectivos sitios web, no asume ning\u00fan tipo de responsabilidad respecto a dichos contenidos. En todo&nbsp;caso, proceder\u00e1 a la retirada inmediata de cualquier contenido que pudiera contravenir la legislaci\u00f3n&nbsp;nacional o internacional, la moral o el orden p\u00fablico, procediendo a la retirada inmediata de la&nbsp;redirecci\u00f3n a dicho sitio web, poniendo en conocimiento de las autoridades competentes el contenido&nbsp;en cuesti\u00f3n. <\/p>\n<!-- \/wp:paragraph -->\n\n<!-- wp:paragraph -->\n<p>El RESPONSABLE no se hace responsable de la informaci\u00f3n y contenidos almacenados, a t\u00edtulo&nbsp;enunciativo pero no limitativo, en foros, chats, generadores de blogs, comentarios, redes sociales o cualquier otro medio que permita a terceros publicar contenidos de forma independiente en la p\u00e1gina&nbsp;web del RESPONSABLE. Sin embargo, y en cumplimiento de lo dispuesto en los art\u00edculos 11 y 16 de&nbsp;la LSSICE, se pone a disposici\u00f3n de todos los usuarios, autoridades y fuerzas de seguridad,&nbsp;colaborando de forma activa en la retirada o, en su caso, bloqueo de todos aquellos contenidos que&nbsp;puedan afectar o contravenir la legislaci\u00f3n nacional o internacional, los derechos de terceros o la moral&nbsp;y el orden p\u00fablico. En caso de que el usuario considere que existe en el sitio web alg\u00fan contenido que&nbsp;pudiera ser susceptible de esta clasificaci\u00f3n, se ruega lo notifique de forma inmediata al administrador&nbsp;del sitio web.<br>Este sitio web ha sido revisado y probado para que funcione correctamente. En principio, puede&nbsp;garantizarse el correcto funcionamiento los 365 d\u00edas del a\u00f1o, 24 horas al d\u00eda. Sin embargo, el RESPONSABLE no descarta la posibilidad de que existan ciertos errores de programaci\u00f3n, o que&nbsp;acontezcan causas de fuerza mayor, cat\u00e1strofes naturales, huelgas o circunstancias semejantes que&nbsp;hagan imposible el acceso a la p\u00e1gina web.&nbsp;<\/p>\n<!-- \/wp:paragraph -->\n\n<!-- wp:paragraph -->\n<p><strong>Direcciones IP<\/strong><br>Los servidores del sitio web podr\u00e1n detectar de manera autom\u00e1tica la direcci\u00f3n IP y el nombre de&nbsp;dominio utilizados por el usuario. Una direcci\u00f3n IP es un n\u00famero asignado autom\u00e1ticamente a un ordenador cuando \u00e9ste se conecta a Internet. Toda esta informaci\u00f3n es registrada en un fichero de&nbsp;actividad del servidor debidamente inscrito que permite el posterior procesamiento de los datos con el&nbsp;fin de obtener mediciones \u00fanicamente estad\u00edsticas que permitan conocer el n\u00famero de impresiones de&nbsp;p\u00e1ginas, el n\u00famero de visitas realizadas a los servidores web, el orden de visitas, el punto de acceso,&nbsp;etc.&nbsp;<\/p>\n<!-- \/wp:paragraph -->\n\n<!-- wp:paragraph -->\n<p><strong>4. LEY APLICABLE Y JURISDICCI\u00d3N<\/strong><br>Para la resoluci\u00f3n de todas las controversias o cuestiones relacionadas con el presente sitio web o de&nbsp;las actividades en \u00e9l desarrolladas, ser\u00e1 de aplicaci\u00f3n la legislaci\u00f3n espa\u00f1ola, a la que se someten&nbsp;expresamente las partes, siendo competentes para la resoluci\u00f3n de todos los conflictos derivados o&nbsp;relacionados con su uso los Juzgados y Tribunales m\u00e1s cercanos a SANTANDER.<\/p>\n<!-- \/wp:paragraph -->\t\t\t\t\t\t<\/div>\n\t\t\t\t<\/div>\n\t\t\t\t\t<\/div>\n\t\t<\/div>\n\t\t\t\t\t<\/div>\n\t\t<\/section>\n\t\t\t\t<\/div>\n\t\t","protected":false},"excerpt":{"rendered":"<p>\u00a0 AVISO LEGAL LEY DE LOS SERVICIOS DE LA SOCIEDAD DE LA INFORMACI\u00d3N (LSSI) CARPINTER\u00cdA CARLOS CAGIGAS, S.L., responsable del sitio web, en adelante RESPONSABLE, pone a&nbsp;disposici\u00f3n de los usuarios el presente documento, con el que pretende dar cumplimiento a las obligaciones dispuestas en la Ley 34\/2002, de 11 de julio, de Servicios de la [&hellip;]<\/p>\n","protected":false},"author":1,"featured_media":0,"parent":0,"menu_order":0,"comment_status":"closed","ping_status":"closed","template":"","meta":{"site-sidebar-layout":"default","site-content-layout":"default","ast-site-content-layout":"","site-content-style":"default","site-sidebar-style":"default","ast-global-header-display":"","ast-banner-title-visibility":"","ast-main-header-display":"","ast-hfb-above-header-display":"","ast-hfb-below-header-display":"","ast-hfb-mobile-header-display":"","site-post-title":"","ast-breadcrumbs-content":"","ast-featured-img":"","footer-sml-layout":"","theme-transparent-header-meta":"default","adv-header-id-meta":"","stick-header-meta":"","header-above-stick-meta":"","header-main-stick-meta":"","header-below-stick-meta":"","astra-migrate-meta-layouts":"default","ast-page-background-enabled":"default","ast-page-background-meta":{"desktop":{"background-color":"var(--ast-global-color-4)","background-image":"","background-repeat":"repeat","background-position":"center center","background-size":"auto","background-attachment":"scroll","background-type":"","background-media":"","overlay-type":"","overlay-color":"","overlay-gradient":""},"tablet":{"background-color":"","background-image":"","background-repeat":"repeat","background-position":"center center","background-size":"auto","background-attachment":"scroll","background-type":"","background-media":"","overlay-type":"","overlay-color":"","overlay-gradient":""},"mobile":{"background-color":"","background-image":"","background-repeat":"repeat","background-position":"center center","background-size":"auto","background-attachment":"scroll","background-type":"","background-media":"","overlay-type":"","overlay-color":"","overlay-gradient":""}},"ast-content-background-meta":{"desktop":{"background-color":"var(--ast-global-color-5)","background-image":"","background-repeat":"repeat","background-position":"center center","background-size":"auto","background-attachment":"scroll","background-type":"","background-media":"","overlay-type":"","overlay-color":"","overlay-gradient":""},"tablet":{"background-color":"var(--ast-global-color-5)","background-image":"","background-repeat":"repeat","background-position":"center center","background-size":"auto","background-attachment":"scroll","background-type":"","background-media":"","overlay-type":"","overlay-color":"","overlay-gradient":""},"mobile":{"background-color":"var(--ast-global-color-5)","background-image":"","background-repeat":"repeat","background-position":"center center","background-size":"auto","background-attachment":"scroll","background-type":"","background-media":"","overlay-type":"","overlay-color":"","overlay-gradient":""}},"footnotes":""},"yoast_head":"<!-- This site is optimized with the Yoast SEO plugin v22.0 - https:\/\/yoast.com\/wordpress\/plugins\/seo\/ -->\n<title>, &#187; CARPINTERIA CARLOS CAGIGAS, S.L.<\/title>\n<meta name=\"description\" content=\", CARPINTERIA CARLOS CAGIGAS, S.L. Carpinter\u00eda muebles\" \/>\n<meta name=\"robots\" content=\"index, follow, max-snippet:-1, max-image-preview:large, max-video-preview:-1\" \/>\n<link rel=\"canonical\" href=\"http:\/\/www.carpinteriacarloscagigas.com\/?page_id=955\" \/>\n<meta property=\"og:locale\" content=\"es_ES\" \/>\n<meta property=\"og:type\" content=\"article\" \/>\n<meta property=\"og:title\" content=\", &#187; CARPINTERIA CARLOS CAGIGAS, S.L.\" \/>\n<meta property=\"og:description\" content=\", CARPINTERIA CARLOS CAGIGAS, S.L. Carpinter\u00eda muebles\" \/>\n<meta property=\"og:url\" content=\"http:\/\/www.carpinteriacarloscagigas.com\/?page_id=955\" \/>\n<meta property=\"og:site_name\" content=\"CARPINTERIA CARLOS CAGIGAS, S.L.\" \/>\n<meta property=\"article:publisher\" content=\"https:\/\/www.facebook.com\/carpinteriacarloscagigas\/\" \/>\n<meta property=\"article:modified_time\" content=\"2020-05-15T16:30:22+00:00\" \/>\n<meta name=\"twitter:card\" content=\"summary_large_image\" \/>\n<meta name=\"twitter:label1\" content=\"Tiempo de lectura\" \/>\n\t<meta name=\"twitter:data1\" content=\"7 minutos\" \/>\n<script type=\"application\/ld+json\" class=\"yoast-schema-graph\">{\"@context\":\"https:\/\/schema.org\",\"@graph\":[{\"@type\":\"WebPage\",\"@id\":\"http:\/\/www.carpinteriacarloscagigas.com\/?page_id=955\",\"url\":\"http:\/\/www.carpinteriacarloscagigas.com\/?page_id=955\",\"name\":\", &#187; CARPINTERIA CARLOS CAGIGAS, S.L.\",\"isPartOf\":{\"@id\":\"https:\/\/www.carpinteriacarloscagigas.com\/#website\"},\"datePublished\":\"2020-05-15T15:46:01+00:00\",\"dateModified\":\"2020-05-15T16:30:22+00:00\",\"description\":\", CARPINTERIA CARLOS CAGIGAS, S.L. Carpinter\u00eda muebles\",\"breadcrumb\":{\"@id\":\"http:\/\/www.carpinteriacarloscagigas.com\/?page_id=955#breadcrumb\"},\"inLanguage\":\"es\",\"potentialAction\":[{\"@type\":\"ReadAction\",\"target\":[\"http:\/\/www.carpinteriacarloscagigas.com\/?page_id=955\"]}]},{\"@type\":\"BreadcrumbList\",\"@id\":\"http:\/\/www.carpinteriacarloscagigas.com\/?page_id=955#breadcrumb\",\"itemListElement\":[{\"@type\":\"ListItem\",\"position\":1,\"name\":\"Portada\",\"item\":\"https:\/\/www.carpinteriacarloscagigas.com\/\"},{\"@type\":\"ListItem\",\"position\":2,\"name\":\",\"}]},{\"@type\":\"WebSite\",\"@id\":\"https:\/\/www.carpinteriacarloscagigas.com\/#website\",\"url\":\"https:\/\/www.carpinteriacarloscagigas.com\/\",\"name\":\"CARPINTERIA CARLOS CAGIGAS, S.L.\",\"description\":\"Carpinter\u00eda en Cantabria Carlos Cagigas\",\"publisher\":{\"@id\":\"https:\/\/www.carpinteriacarloscagigas.com\/#organization\"},\"potentialAction\":[{\"@type\":\"SearchAction\",\"target\":{\"@type\":\"EntryPoint\",\"urlTemplate\":\"https:\/\/www.carpinteriacarloscagigas.com\/?s={search_term_string}\"},\"query-input\":\"required name=search_term_string\"}],\"inLanguage\":\"es\"},{\"@type\":\"Organization\",\"@id\":\"https:\/\/www.carpinteriacarloscagigas.com\/#organization\",\"name\":\"CARPINTER\u00cdA CARLOS CAGIGAS\",\"url\":\"https:\/\/www.carpinteriacarloscagigas.com\/\",\"logo\":{\"@type\":\"ImageObject\",\"inLanguage\":\"es\",\"@id\":\"https:\/\/www.carpinteriacarloscagigas.com\/#\/schema\/logo\/image\/\",\"url\":\"https:\/\/www.carpinteriacarloscagigas.com\/wp-content\/uploads\/2020\/04\/LOG-CARPINTERO-NEGRO.png\",\"contentUrl\":\"https:\/\/www.carpinteriacarloscagigas.com\/wp-content\/uploads\/2020\/04\/LOG-CARPINTERO-NEGRO.png\",\"width\":1162,\"height\":659,\"caption\":\"CARPINTER\u00cdA CARLOS CAGIGAS\"},\"image\":{\"@id\":\"https:\/\/www.carpinteriacarloscagigas.com\/#\/schema\/logo\/image\/\"},\"sameAs\":[\"https:\/\/www.facebook.com\/carpinteriacarloscagigas\/\"]}]}<\/script>\n<!-- \/ Yoast SEO plugin. -->","yoast_head_json":{"title":", &#187; CARPINTERIA CARLOS CAGIGAS, S.L.","description":", CARPINTERIA CARLOS CAGIGAS, S.L. Carpinter\u00eda muebles","robots":{"index":"index","follow":"follow","max-snippet":"max-snippet:-1","max-image-preview":"max-image-preview:large","max-video-preview":"max-video-preview:-1"},"canonical":"http:\/\/www.carpinteriacarloscagigas.com\/?page_id=955","og_locale":"es_ES","og_type":"article","og_title":", &#187; CARPINTERIA CARLOS CAGIGAS, S.L.","og_description":", CARPINTERIA CARLOS CAGIGAS, S.L. Carpinter\u00eda muebles","og_url":"http:\/\/www.carpinteriacarloscagigas.com\/?page_id=955","og_site_name":"CARPINTERIA CARLOS CAGIGAS, S.L.","article_publisher":"https:\/\/www.facebook.com\/carpinteriacarloscagigas\/","article_modified_time":"2020-05-15T16:30:22+00:00","twitter_card":"summary_large_image","twitter_misc":{"Tiempo de lectura":"7 minutos"},"schema":{"@context":"https:\/\/schema.org","@graph":[{"@type":"WebPage","@id":"http:\/\/www.carpinteriacarloscagigas.com\/?page_id=955","url":"http:\/\/www.carpinteriacarloscagigas.com\/?page_id=955","name":", &#187; CARPINTERIA CARLOS CAGIGAS, S.L.","isPartOf":{"@id":"https:\/\/www.carpinteriacarloscagigas.com\/#website"},"datePublished":"2020-05-15T15:46:01+00:00","dateModified":"2020-05-15T16:30:22+00:00","description":", CARPINTERIA CARLOS CAGIGAS, S.L. Carpinter\u00eda muebles","breadcrumb":{"@id":"http:\/\/www.carpinteriacarloscagigas.com\/?page_id=955#breadcrumb"},"inLanguage":"es","potentialAction":[{"@type":"ReadAction","target":["http:\/\/www.carpinteriacarloscagigas.com\/?page_id=955"]}]},{"@type":"BreadcrumbList","@id":"http:\/\/www.carpinteriacarloscagigas.com\/?page_id=955#breadcrumb","itemListElement":[{"@type":"ListItem","position":1,"name":"Portada","item":"https:\/\/www.carpinteriacarloscagigas.com\/"},{"@type":"ListItem","position":2,"name":","}]},{"@type":"WebSite","@id":"https:\/\/www.carpinteriacarloscagigas.com\/#website","url":"https:\/\/www.carpinteriacarloscagigas.com\/","name":"CARPINTERIA CARLOS CAGIGAS, S.L.","description":"Carpinter\u00eda en Cantabria Carlos Cagigas","publisher":{"@id":"https:\/\/www.carpinteriacarloscagigas.com\/#organization"},"potentialAction":[{"@type":"SearchAction","target":{"@type":"EntryPoint","urlTemplate":"https:\/\/www.carpinteriacarloscagigas.com\/?s={search_term_string}"},"query-input":"required name=search_term_string"}],"inLanguage":"es"},{"@type":"Organization","@id":"https:\/\/www.carpinteriacarloscagigas.com\/#organization","name":"CARPINTER\u00cdA CARLOS CAGIGAS","url":"https:\/\/www.carpinteriacarloscagigas.com\/","logo":{"@type":"ImageObject","inLanguage":"es","@id":"https:\/\/www.carpinteriacarloscagigas.com\/#\/schema\/logo\/image\/","url":"https:\/\/www.carpinteriacarloscagigas.com\/wp-content\/uploads\/2020\/04\/LOG-CARPINTERO-NEGRO.png","contentUrl":"https:\/\/www.carpinteriacarloscagigas.com\/wp-content\/uploads\/2020\/04\/LOG-CARPINTERO-NEGRO.png","width":1162,"height":659,"caption":"CARPINTER\u00cdA CARLOS CAGIGAS"},"image":{"@id":"https:\/\/www.carpinteriacarloscagigas.com\/#\/schema\/logo\/image\/"},"sameAs":["https:\/\/www.facebook.com\/carpinteriacarloscagigas\/"]}]}},"_links":{"self":[{"href":"http:\/\/www.carpinteriacarloscagigas.com\/index.php?rest_route=\/wp\/v2\/pages\/955"}],"collection":[{"href":"http:\/\/www.carpinteriacarloscagigas.com\/index.php?rest_route=\/wp\/v2\/pages"}],"about":[{"href":"http:\/\/www.carpinteriacarloscagigas.com\/index.php?rest_route=\/wp\/v2\/types\/page"}],"author":[{"embeddable":true,"href":"http:\/\/www.carpinteriacarloscagigas.com\/index.php?rest_route=\/wp\/v2\/users\/1"}],"replies":[{"embeddable":true,"href":"http:\/\/www.carpinteriacarloscagigas.com\/index.php?rest_route=%2Fwp%2Fv2%2Fcomments&post=955"}],"version-history":[{"count":5,"href":"http:\/\/www.carpinteriacarloscagigas.com\/index.php?rest_route=\/wp\/v2\/pages\/955\/revisions"}],"predecessor-version":[{"id":968,"href":"http:\/\/www.carpinteriacarloscagigas.com\/index.php?rest_route=\/wp\/v2\/pages\/955\/revisions\/968"}],"wp:attachment":[{"href":"http:\/\/www.carpinteriacarloscagigas.com\/index.php?rest_route=%2Fwp%2Fv2%2Fmedia&parent=955"}],"curies":[{"name":"wp","href":"https:\/\/api.w.org\/{rel}","templated":true}]}}